{"id":1168,"date":"2016-06-28T11:17:08","date_gmt":"2016-06-28T11:17:08","guid":{"rendered":"https:\/\/www.steigersport.ch\/?page_id=1168"},"modified":"2020-11-12T08:26:52","modified_gmt":"2020-11-12T08:26:52","slug":"partner","status":"publish","type":"page","link":"https:\/\/www.steigersport.ch\/?page_id=1168","title":{"rendered":"Partner"},"content":{"rendered":"<p>[et_pb_section fb_built=&#8220;1&#8243; custom_padding_last_edited=&#8220;on|desktop&#8220; admin_label=&#8220;section&#8220; module_id=&#8220;start&#8220; _builder_version=&#8220;3.22&#8243; custom_padding=&#8220;|||&#8220; custom_padding_tablet=&#8220;50px|0|50px|0&#8243; custom_padding_phone=&#8220;&#8220; transparent_background=&#8220;off&#8220; padding_mobile=&#8220;off&#8220; make_fullwidth=&#8220;off&#8220; use_custom_width=&#8220;off&#8220; width_unit=&#8220;on&#8220;][et_pb_row padding_mobile=&#8220;on&#8220; column_padding_mobile=&#8220;on&#8220; admin_label=&#8220;row&#8220; _builder_version=&#8220;3.25&#8243; background_size=&#8220;initial&#8220; background_position=&#8220;top_left&#8220; background_repeat=&#8220;repeat&#8220; custom_padding=&#8220;||50px|&#8220; make_fullwidth=&#8220;off&#8220; use_custom_width=&#8220;off&#8220; width_unit=&#8220;on&#8220;][et_pb_column type=&#8220;4_4&#8243; _builder_version=&#8220;3.25&#8243; custom_padding=&#8220;|||&#8220; custom_padding__hover=&#8220;|||&#8220;][et_pb_text admin_label=&#8220;Text&#8220; _builder_version=&#8220;3.27.4&#8243; text_font_size=&#8220;18&#8243; text_line_height=&#8220;2em&#8220; background_size=&#8220;initial&#8220; background_position=&#8220;top_left&#8220; background_repeat=&#8220;repeat&#8220; text_orientation=&#8220;center&#8220; max_width=&#8220;70%&#8220; module_alignment=&#8220;center&#8220; use_border_color=&#8220;off&#8220; border_color=&#8220;#ffffff&#8220; border_style=&#8220;solid&#8220;]<\/p>\n<h1>Unsere Partner<\/h1>\n<p>Wir vertreten hochwertige Marken, auf die wir seit Jahren setzen. Unsere Lieferanten betrachten wir als Partner, mit denen wir eine solide Beziehung auf einer vertraglichen Grundlage pflegen.<\/p>\n<p>&nbsp;<br \/>\n[\/et_pb_text][\/et_pb_column][\/et_pb_row][et_pb_row column_structure=&#8220;1_3,2_3&#8243; admin_label=&#8220;Zeile&#8220; _builder_version=&#8220;3.25&#8243; background_size=&#8220;initial&#8220; background_position=&#8220;top_left&#8220; background_repeat=&#8220;repeat&#8220;][et_pb_column type=&#8220;1_3&#8243; _builder_version=&#8220;3.25&#8243; custom_padding=&#8220;|||&#8220; custom_padding__hover=&#8220;|||&#8220;][et_pb_image src=&#8220;https:\/\/www.steigersport.ch\/wp-content\/uploads\/2020\/11\/\u00a9IonaDutz-SpecializedCreoSLEvo-2020-328-e1604999042976.jpg&#8220; title_text=&#8220;\u00a9IonaDutz-SpecializedCreoSLEvo-2020-328.jpg&#8220; force_fullwidth=&#8220;on&#8220; align_tablet=&#8220;center&#8220; align_phone=&#8220;&#8220; align_last_edited=&#8220;on|desktop&#8220; admin_label=&#8220;Bild&#8220; _builder_version=&#8220;4.6.6&#8243; animation_style=&#8220;slide&#8220; animation_direction=&#8220;left&#8220; animation_duration=&#8220;500ms&#8220; animation_intensity_slide=&#8220;10%&#8220; border_width_all=&#8220;0px&#8220; border_color_all=&#8220;#aaaaaa&#8220; border_style_all=&#8220;solid&#8220; use_border_color=&#8220;on&#8220; border_color=&#8220;#aaaaaa&#8220; border_style=&#8220;solid&#8220; animation=&#8220;left&#8220; sticky=&#8220;off&#8220; always_center_on_mobile=&#8220;on&#8220;] [\/et_pb_image][\/et_pb_column][et_pb_column type=&#8220;2_3&#8243; _builder_version=&#8220;3.25&#8243; custom_padding=&#8220;|||&#8220; custom_padding__hover=&#8220;|||&#8220;][et_pb_text admin_label=&#8220;Text&#8220; _builder_version=&#8220;4.6.6&#8243; background_size=&#8220;initial&#8220; background_position=&#8220;top_left&#8220; background_repeat=&#8220;repeat&#8220; use_border_color=&#8220;off&#8220; border_color=&#8220;#ffffff&#8220; border_style=&#8220;solid&#8220;]<\/p>\n<h2>Specialized Bicycle<\/h2>\n<p><span>Specialized ist ein US-amerikanischer Hersteller von Fahrr\u00e4dern und Fahrradzubeh\u00f6r mit Sitz im kalifornischen Morgan Hill. Das Unternehmen wurde 1974 von Mike Sinyard gegr\u00fcndet. Bevor es mit der Produktion von Fahrr\u00e4dern begann, stellte es jedoch lediglich Tourenreifen her. Breitere Bekanntheit erlangte Specialized schlie\u00dflich als Massenhersteller von Mountainbikes. 1981 kam mit dem Modell Stumpjumper das erste serienm\u00e4\u00dfig produzierte Mountainbike auf den Markt. 1989 baute Specialized unter dem Namen Epic das erste Mountainbike mit einem Rahmen aus kohlenstofffaserverst\u00e4rktem Kunststoff<\/span><\/p>\n<p><a href=\"http:\/\/www.specialized.com\" target=\"_blank\" rel=\"noopener noreferrer\">specialized.com<\/a><\/p>\n<p>Wir bieten das gesamte Sortiment an. Nebst allen Arten von Velos und eBikes finden Sie bei uns auch Kleider und Zubeh\u00f6r von Specialized<\/p>\n<p>[\/et_pb_text][\/et_pb_column][\/et_pb_row][et_pb_row column_structure=&#8220;1_3,2_3&#8243; admin_label=&#8220;Zeile&#8220; _builder_version=&#8220;3.25&#8243; background_size=&#8220;initial&#8220; background_position=&#8220;top_left&#8220; background_repeat=&#8220;repeat&#8220;][et_pb_column type=&#8220;1_3&#8243; _builder_version=&#8220;3.25&#8243; custom_padding=&#8220;|||&#8220; custom_padding__hover=&#8220;|||&#8220;][et_pb_image src=&#8220;https:\/\/www.steigersport.ch\/wp-content\/uploads\/2020\/11\/csm_FLYER_E-Bikes_Mountain_Uproc6_Biel_0937_72ada50fe6.jpg&#8220; title_text=&#8220;csm_FLYER_E-Bikes_Mountain_Uproc6_Biel_0937_72ada50fe6&#8243; force_fullwidth=&#8220;on&#8220; align_tablet=&#8220;center&#8220; align_phone=&#8220;&#8220; align_last_edited=&#8220;on|desktop&#8220; admin_label=&#8220;Bild&#8220; _builder_version=&#8220;4.6.6&#8243; animation_style=&#8220;slide&#8220; animation_direction=&#8220;left&#8220; animation_duration=&#8220;500ms&#8220; animation_intensity_slide=&#8220;10%&#8220; border_width_all=&#8220;0px&#8220; border_color_all=&#8220;#aaaaaa&#8220; border_style_all=&#8220;solid&#8220; use_border_color=&#8220;on&#8220; border_color=&#8220;#aaaaaa&#8220; border_style=&#8220;solid&#8220; animation=&#8220;left&#8220; sticky=&#8220;off&#8220; always_center_on_mobile=&#8220;on&#8220;] [\/et_pb_image][\/et_pb_column][et_pb_column type=&#8220;2_3&#8243; _builder_version=&#8220;3.25&#8243; custom_padding=&#8220;|||&#8220; custom_padding__hover=&#8220;|||&#8220;][et_pb_text admin_label=&#8220;Text&#8220; _builder_version=&#8220;4.6.6&#8243; background_size=&#8220;initial&#8220; background_position=&#8220;top_left&#8220; background_repeat=&#8220;repeat&#8220; link_option_url=&#8220;https:\/\/www.flyer-bikes.com\/de-ch&#8220; use_border_color=&#8220;off&#8220; border_color=&#8220;#ffffff&#8220; border_style=&#8220;solid&#8220;]<\/p>\n<h2>FLYER AG<\/h2>\n<p><span>Schweizer E-Bike Pionier seit 1995. Seit mehr als zwei Jahrzehnten steht die Marke FLYER f\u00fcr Premium E-Bikes mit Schweizer Qualit\u00e4t. Innovationskraft, Liebe zum Detail, traditionelle Sorgfalt und ein Auge f\u00fcrs Design bilden die Basis f\u00fcr die Entwicklung bei FLYER. Als Pionier hat FLYER einen fundierten Erfahrungsschatz aufgebaut und den Erfolg des E-Bikes in Europa massgeblich mit beeinflusst und gest\u00e4rkt<\/span><\/p>\n<p><a href=\"https:\/\/www.flyer-bikes.com\/de-ch\" target=\"_blank\" rel=\"noopener noreferrer\">flyer.ch<\/a><\/p>\n<p>Wir bieten alle Flyer-Modelle an<\/p>\n<p>[\/et_pb_text][\/et_pb_column][\/et_pb_row][et_pb_row column_structure=&#8220;1_3,2_3&#8243; admin_label=&#8220;Zeile&#8220; _builder_version=&#8220;3.25&#8243; background_size=&#8220;initial&#8220; background_position=&#8220;top_left&#8220; background_repeat=&#8220;repeat&#8220;][et_pb_column type=&#8220;1_3&#8243; _builder_version=&#8220;3.25&#8243; custom_padding=&#8220;|||&#8220; custom_padding__hover=&#8220;|||&#8220;][et_pb_image src=&#8220;https:\/\/www.steigersport.ch\/wp-content\/uploads\/2020\/11\/Orbea-Rise-7-1-bea8dcc.jpg&#8220; title_text=&#8220;Orbea-Rise-7-1-bea8dcc&#8220; force_fullwidth=&#8220;on&#8220; align_tablet=&#8220;center&#8220; align_phone=&#8220;&#8220; align_last_edited=&#8220;on|desktop&#8220; admin_label=&#8220;Bild&#8220; _builder_version=&#8220;4.6.6&#8243; animation_style=&#8220;slide&#8220; animation_direction=&#8220;left&#8220; animation_duration=&#8220;500ms&#8220; animation_intensity_slide=&#8220;10%&#8220; border_width_all=&#8220;0px&#8220; border_color_all=&#8220;#aaaaaa&#8220; border_style_all=&#8220;solid&#8220; use_border_color=&#8220;on&#8220; border_color=&#8220;#aaaaaa&#8220; border_style=&#8220;solid&#8220; animation=&#8220;left&#8220; sticky=&#8220;off&#8220; always_center_on_mobile=&#8220;on&#8220;] [\/et_pb_image][\/et_pb_column][et_pb_column type=&#8220;2_3&#8243; _builder_version=&#8220;3.25&#8243; custom_padding=&#8220;|||&#8220; custom_padding__hover=&#8220;|||&#8220;][et_pb_text admin_label=&#8220;Text&#8220; _builder_version=&#8220;4.6.6&#8243; background_size=&#8220;initial&#8220; background_position=&#8220;top_left&#8220; background_repeat=&#8220;repeat&#8220; hover_enabled=&#8220;0&#8243; use_border_color=&#8220;off&#8220; border_color=&#8220;#ffffff&#8220; border_style=&#8220;solid&#8220; sticky_enabled=&#8220;0&#8243;]<\/p>\n<h2>Orbea<\/h2>\n<p><span>Das Unternehmen Orbea ist heute ein spanischer Fahrradhersteller. Das Unternehmen wurde 1847 im baskischen Eibar als Waffenhersteller gegr\u00fcndet und ist heute eine Genossenschaft. 1930 begann die Firma mit der Herstellung von Fahrr\u00e4dern, zuerst in Vitoria und sp\u00e4ter in Mallabia bei Durango in der Provinz Bizkaia. Heute produziert Orbea in Mallabia j\u00e4hrlich etwa 250.000 Fahrr\u00e4der<\/span><\/p>\n<p><a href=\"https:\/\/www.orbea.com\/ch-en\/\" target=\"_blank\" rel=\"noopener noreferrer\">orbea.com<\/a><\/p>\n<p>Wir bieten das gesamte Orbea-Sortiment an<\/p>\n<p>[\/et_pb_text][\/et_pb_column][\/et_pb_row][et_pb_row column_structure=&#8220;1_3,2_3&#8243; admin_label=&#8220;Zeile&#8220; _builder_version=&#8220;3.25&#8243; background_size=&#8220;initial&#8220; background_position=&#8220;top_left&#8220; background_repeat=&#8220;repeat&#8220;][et_pb_column type=&#8220;1_3&#8243; _builder_version=&#8220;3.25&#8243; custom_padding=&#8220;|||&#8220; custom_padding__hover=&#8220;|||&#8220;][et_pb_image src=&#8220;https:\/\/www.steigersport.ch\/wp-content\/uploads\/2020\/11\/pearlizumiwomen.jpg&#8220; title_text=&#8220;pearl+izumi+women&#8220; force_fullwidth=&#8220;on&#8220; align_tablet=&#8220;center&#8220; align_phone=&#8220;&#8220; align_last_edited=&#8220;on|desktop&#8220; admin_label=&#8220;Bild&#8220; _builder_version=&#8220;4.6.6&#8243; animation_style=&#8220;slide&#8220; animation_direction=&#8220;left&#8220; animation_duration=&#8220;500ms&#8220; animation_intensity_slide=&#8220;10%&#8220; border_width_all=&#8220;0px&#8220; border_color_all=&#8220;#aaaaaa&#8220; border_style_all=&#8220;solid&#8220; use_border_color=&#8220;on&#8220; border_color=&#8220;#aaaaaa&#8220; border_style=&#8220;solid&#8220; animation=&#8220;left&#8220; sticky=&#8220;off&#8220; always_center_on_mobile=&#8220;on&#8220;] [\/et_pb_image][\/et_pb_column][et_pb_column type=&#8220;2_3&#8243; _builder_version=&#8220;3.25&#8243; custom_padding=&#8220;|||&#8220; custom_padding__hover=&#8220;|||&#8220;][et_pb_text admin_label=&#8220;Text&#8220; _builder_version=&#8220;4.6.6&#8243; background_size=&#8220;initial&#8220; background_position=&#8220;top_left&#8220; background_repeat=&#8220;repeat&#8220; use_border_color=&#8220;off&#8220; border_color=&#8220;#ffffff&#8220; border_style=&#8220;solid&#8220;]<\/p>\n<h2>PEARL iZUMi<\/h2>\n<p>ride more, do more<\/p>\n<p>Die Kollektion von PEARL iZUMi besteht bereits jetzt zu 30% aus recycelten, erneuerbaren oder organischen Materialien. Bis im Jahr 2022 wird dieser Anteil auf 90% anwachsen<\/p>\n<p><a href=\"http:\/\/pearlizumi.com\" target=\"_blank\" rel=\"noopener noreferrer\">Pearlizumi.com<\/a><\/p>\n<p>Wir bieten das gesamte Sortiment an<\/p>\n<p>[\/et_pb_text][\/et_pb_column][\/et_pb_row][et_pb_row column_structure=&#8220;1_3,2_3&#8243; admin_label=&#8220;Zeile&#8220; _builder_version=&#8220;3.25&#8243; background_size=&#8220;initial&#8220; background_position=&#8220;top_left&#8220; background_repeat=&#8220;repeat&#8220;][et_pb_column type=&#8220;1_3&#8243; _builder_version=&#8220;3.25&#8243; custom_padding=&#8220;|||&#8220; custom_padding__hover=&#8220;|||&#8220;][et_pb_image src=&#8220;https:\/\/www.steigersport.ch\/wp-content\/uploads\/2020\/11\/Martini_hike\u00a9MirjaGeh_409_1.jpg&#8220; title_text=&#8220;Martini_hike\u00a9MirjaGeh_409_1&#8243; force_fullwidth=&#8220;on&#8220; align_tablet=&#8220;center&#8220; align_phone=&#8220;&#8220; align_last_edited=&#8220;on|desktop&#8220; admin_label=&#8220;Bild&#8220; _builder_version=&#8220;4.6.6&#8243; animation_style=&#8220;slide&#8220; animation_direction=&#8220;left&#8220; animation_duration=&#8220;500ms&#8220; animation_intensity_slide=&#8220;10%&#8220; border_width_all=&#8220;0px&#8220; border_color_all=&#8220;#aaaaaa&#8220; border_style_all=&#8220;solid&#8220; use_border_color=&#8220;on&#8220; border_color=&#8220;#aaaaaa&#8220; border_style=&#8220;solid&#8220; animation=&#8220;left&#8220; sticky=&#8220;off&#8220; always_center_on_mobile=&#8220;on&#8220;] [\/et_pb_image][\/et_pb_column][et_pb_column type=&#8220;2_3&#8243; _builder_version=&#8220;3.25&#8243; custom_padding=&#8220;|||&#8220; custom_padding__hover=&#8220;|||&#8220;][et_pb_text admin_label=&#8220;Text&#8220; _builder_version=&#8220;4.6.6&#8243; background_size=&#8220;initial&#8220; background_position=&#8220;top_left&#8220; background_repeat=&#8220;repeat&#8220; use_border_color=&#8220;off&#8220; border_color=&#8220;#ffffff&#8220; border_style=&#8220;solid&#8220;]<\/p>\n<h2>Martini Sportswear<\/h2>\n<p><span>Designed in Austria, Made in Europe\u00a0<\/span><\/p>\n<p><span> Martini Sportswear setzt auf m\u00f6glichst kurze Produktionswege und Regionalit\u00e4t. Auch der Umgang mit fortschrittlichen\u00a0Bekleindungstechnologie<\/span><span>\u00a0und nat\u00fcrlichen\u00a0Materialien<\/span><span>\u00a0charakterisiert die nachhaltige Arbeitsweise<\/span><\/p>\n<p><a href=\"http:\/\/www.martini-sportswear.com\" target=\"_blank\" rel=\"noopener noreferrer\">Martini-Sportswear.com<\/a><\/p>\n<p>Wir bieten das gesamte Sortiment an<\/p>\n<p>[\/et_pb_text][\/et_pb_column][\/et_pb_row][\/et_pb_section]<\/p>\n","protected":false},"excerpt":{"rendered":"<p>[et_pb_section fb_built=&#8220;1&#8243; custom_padding_last_edited=&#8220;on|desktop&#8220; admin_label=&#8220;section&#8220; module_id=&#8220;start&#8220; _builder_version=&#8220;3.22&#8243; custom_padding=&#8220;|||&#8220; custom_padding_tablet=&#8220;50px|0|50px|0&#8243; custom_padding_phone=&#8220;&#8220; transparent_background=&#8220;off&#8220; padding_mobile=&#8220;off&#8220; make_fullwidth=&#8220;off&#8220; use_custom_width=&#8220;off&#8220; width_unit=&#8220;on&#8220;][et_pb_row padding_mobile=&#8220;on&#8220; column_padding_mobile=&#8220;on&#8220; admin_label=&#8220;row&#8220; _builder_version=&#8220;3.25&#8243; background_size=&#8220;initial&#8220; background_position=&#8220;top_left&#8220; background_repeat=&#8220;repeat&#8220; custom_padding=&#8220;||50px|&#8220; make_fullwidth=&#8220;off&#8220; use_custom_width=&#8220;off&#8220; width_unit=&#8220;on&#8220;][et_pb_column type=&#8220;4_4&#8243; _builder_version=&#8220;3.25&#8243; custom_padding=&#8220;|||&#8220; custom_padding__hover=&#8220;|||&#8220;][et_pb_text admin_label=&#8220;Text&#8220; _builder_version=&#8220;3.27.4&#8243; text_font_size=&#8220;18&#8243; text_line_height=&#8220;2em&#8220; background_size=&#8220;initial&#8220; background_position=&#8220;top_left&#8220; background_repeat=&#8220;repeat&#8220; text_orientation=&#8220;center&#8220; max_width=&#8220;70%&#8220; module_alignment=&#8220;center&#8220; use_border_color=&#8220;off&#8220; border_color=&#8220;#ffffff&#8220; border_style=&#8220;solid&#8220;] Unsere Partner Wir vertreten hochwertige Marken, auf die wir seit Jahren setzen. Unsere [&hellip;]<\/p>\n","protected":false},"author":1,"featured_media":0,"parent":0,"menu_order":0,"comment_status":"closed","ping_status":"closed","template":"","meta":{"_et_pb_use_builder":"on","_et_pb_old_content":"","_et_gb_content_width":""},"_links":{"self":[{"href":"https:\/\/www.steigersport.ch\/index.php?rest_route=\/wp\/v2\/pages\/1168"}],"collection":[{"href":"https:\/\/www.steigersport.ch\/index.php?rest_route=\/wp\/v2\/pages"}],"about":[{"href":"https:\/\/www.steigersport.ch\/index.php?rest_route=\/wp\/v2\/types\/page"}],"author":[{"embeddable":true,"href":"https:\/\/www.steigersport.ch\/index.php?rest_route=\/wp\/v2\/users\/1"}],"replies":[{"embeddable":true,"href":"https:\/\/www.steigersport.ch\/index.php?rest_route=%2Fwp%2Fv2%2Fcomments&post=1168"}],"version-history":[{"count":41,"href":"https:\/\/www.steigersport.ch\/index.php?rest_route=\/wp\/v2\/pages\/1168\/revisions"}],"predecessor-version":[{"id":1497,"href":"https:\/\/www.steigersport.ch\/index.php?rest_route=\/wp\/v2\/pages\/1168\/revisions\/1497"}],"wp:attachment":[{"href":"https:\/\/www.steigersport.ch\/index.php?rest_route=%2Fwp%2Fv2%2Fmedia&parent=1168"}],"curies":[{"name":"wp","href":"https:\/\/api.w.org\/{rel}","templated":true}]}}